{"id":22794,"date":"2024-06-02T03:10:41","date_gmt":"2024-06-02T03:10:41","guid":{"rendered":"https:\/\/oliviashanti.com\/fr\/?page_id=22794"},"modified":"2025-01-28T04:12:17","modified_gmt":"2025-01-28T04:12:17","slug":"retraites","status":"publish","type":"page","link":"https:\/\/oliviashanti.com\/fr\/retraites\/","title":{"rendered":"Retraites"},"content":{"rendered":"\t\t<div data-elementor-type=\"wp-page\" data-elementor-id=\"22794\" class=\"elementor elementor-22794\">\n\t\t\t\t\t\t<section class=\"elementor-section elementor-top-section elementor-element elementor-element-be9553d up-translateZ-wrap scheme_default elementor-section-boxed elementor-section-height-default elementor-section-height-default sc_fly_static\" data-id=\"be9553d\" data-element_type=\"section\" data-settings=\"{&quot;background_background&quot;:&quot;classic&quot;}\">\n\t\t\t\t\t\t<div class=\"elementor-container elementor-column-gap-no\">\n\t\t\t\t\t<div class=\"elementor-column elementor-col-50 elementor-top-column elementor-element elementor-element-c055c30 sc_inner_width_none sc_content_align_inherit sc_layouts_column_icons_position_left sc_fly_static\" data-id=\"c055c30\" data-element_type=\"column\">\n\t\t\t<div class=\"elementor-widget-wrap elementor-element-populated\">\n\t\t\t\t\t\t<div class=\"elementor-element elementor-element-e1d47f3 sc_fly_static elementor-widget elementor-widget-trx_sc_title\" data-id=\"e1d47f3\" data-element_type=\"widget\" data-widget_type=\"trx_sc_title.default\">\n\t\t\t\t<div class=\"elementor-widget-container\">\n\t\t\t\t\t<div\t\tclass=\"sc_title sc_title_default\" ><h3 class=\"sc_item_title sc_title_title sc_item_title_style_default sc_item_title_tag\"\n\t\t\t><span class=\"sc_item_title_text\">INSCRIVEZ-VOUS \u00c0 MA LISTE DE DIFFUSION POUR \u00caTRE INFORM\u00c9 DES RETRAITES \u00c0 VENIR<\/span><\/h3><\/div>\t\t\t\t<\/div>\n\t\t\t\t<\/div>\n\t\t\t\t<div class=\"elementor-element elementor-element-e3a7f38 scheme_default sc_fly_static elementor-widget elementor-widget-trx_sc_button\" data-id=\"e3a7f38\" data-element_type=\"widget\" data-widget_type=\"trx_sc_button.default\">\n\t\t\t\t<div class=\"elementor-widget-container\">\n\t\t\t\t\t<div\tclass=\"sc_item_button sc_button_wrap\" ><a href=\"https:\/\/oliviashanti.com\/fr\/connecter\/\" class=\"sc_button sc_button_default sc_button_size_large sc_button_icon_left\" ><span class=\"sc_button_text\"><span class=\"sc_button_title\">Sign Up Here<\/span><\/span><\/a><\/div>\t\t\t\t<\/div>\n\t\t\t\t<\/div>\n\t\t\t\t\t<\/div>\n\t\t<\/div>\n\t\t\t\t<div class=\"elementor-column elementor-col-50 elementor-top-column elementor-element elementor-element-766892e sc_inner_width_none sc_content_align_inherit sc_layouts_column_icons_position_left sc_fly_static\" data-id=\"766892e\" data-element_type=\"column\">\n\t\t\t<div class=\"elementor-widget-wrap elementor-element-populated\">\n\t\t\t\t\t\t<div class=\"elementor-element elementor-element-b0899c4 up-translateZ-elem no-title sc_fly_static elementor-widget elementor-widget-image\" data-id=\"b0899c4\" data-element_type=\"widget\" data-widget_type=\"image.default\">\n\t\t\t\t<div class=\"elementor-widget-container\">\n\t\t\t\t\t\t\t\t\t\t\t\t\t\t\t<img fetchpriority=\"high\" decoding=\"async\" width=\"640\" height=\"400\" src=\"https:\/\/oliviashanti.com\/fr\/wp-content\/uploads\/2023\/09\/OliviaShanti6.jpeg\" class=\"attachment-full size-full wp-image-20926\" alt=\"\" srcset=\"https:\/\/oliviashanti.com\/fr\/wp-content\/uploads\/2023\/09\/OliviaShanti6.jpeg 640w, https:\/\/oliviashanti.com\/fr\/wp-content\/uploads\/2023\/09\/OliviaShanti6-300x188.jpeg 300w, https:\/\/oliviashanti.com\/fr\/wp-content\/uploads\/2023\/09\/OliviaShanti6-370x231.jpeg 370w, https:\/\/oliviashanti.com\/fr\/wp-content\/uploads\/2023\/09\/OliviaShanti6-410x256.jpeg 410w, https:\/\/oliviashanti.com\/fr\/wp-content\/uploads\/2023\/09\/OliviaShanti6-600x375.jpeg 600w\" sizes=\"(max-width: 640px) 100vw, 640px\" \/>\t\t\t\t\t\t\t\t\t\t\t\t\t\t\t<\/div>\n\t\t\t\t<\/div>\n\t\t\t\t\t<\/div>\n\t\t<\/div>\n\t\t\t\t\t<\/div>\n\t\t<\/section>\n\t\t\t\t<section class=\"elementor-section elementor-top-section elementor-element elementor-element-73af8f7 elementor-section-stretched elementor-section-boxed elementor-section-height-default elementor-section-height-default sc_fly_static\" data-id=\"73af8f7\" data-element_type=\"section\" data-settings=\"{&quot;stretch_section&quot;:&quot;section-stretched&quot;,&quot;background_background&quot;:&quot;classic&quot;}\">\n\t\t\t\t\t\t<div class=\"elementor-container elementor-column-gap-extended\">\n\t\t\t\t\t<div class=\"elementor-column elementor-col-100 elementor-top-column elementor-element elementor-element-7f81de8 sc_inner_width_none sc_content_align_inherit sc_layouts_column_icons_position_left sc_fly_static\" data-id=\"7f81de8\" data-element_type=\"column\">\n\t\t\t<div class=\"elementor-widget-wrap elementor-element-populated\">\n\t\t\t\t\t\t<div class=\"elementor-element elementor-element-fa1e07e scheme_light sc_fly_static elementor-widget elementor-widget-trx_sc_title\" data-id=\"fa1e07e\" data-element_type=\"widget\" data-widget_type=\"trx_sc_title.default\">\n\t\t\t\t<div class=\"elementor-widget-container\">\n\t\t\t\t\t<div\t\tclass=\"sc_title scheme_light sc_title_accent\" ><span class=\"sc_item_subtitle sc_title_subtitle sc_align_center sc_item_subtitle_above sc_item_title_style_accent\">- Olivia Shanti -<\/span><h1 class=\"sc_item_title sc_title_title sc_align_center sc_item_title_style_accent sc_item_title_tag\"\n\t\t\t><span class=\"sc_item_title_text\">La vie est l\u00e0 pour que vous en profitiez<\/span><\/h1><\/div>\t\t\t\t<\/div>\n\t\t\t\t<\/div>\n\t\t\t\t\t<\/div>\n\t\t<\/div>\n\t\t\t\t\t<\/div>\n\t\t<\/section>\n\t\t\t\t<section class=\"elementor-section elementor-top-section elementor-element elementor-element-ce4b594 elementor-section-content-middle scheme_default elementor-section-stretched elementor-section-boxed elementor-section-height-default elementor-section-height-default sc_fly_static\" data-id=\"ce4b594\" data-element_type=\"section\" data-settings=\"{&quot;background_background&quot;:&quot;classic&quot;,&quot;stretch_section&quot;:&quot;section-stretched&quot;}\">\n\t\t\t\t\t\t<div class=\"elementor-container elementor-column-gap-extended\">\n\t\t\t\t\t<div class=\"elementor-column elementor-col-50 elementor-top-column elementor-element elementor-element-e8a585b sc_extra_bg_large_left scheme_default sc_inner_width_none sc_content_align_inherit sc_layouts_column_icons_position_left sc_fly_static\" data-id=\"e8a585b\" data-element_type=\"column\" data-settings=\"{&quot;background_background&quot;:&quot;classic&quot;}\">\n\t\t\t<div class=\"elementor-widget-wrap elementor-element-populated\">\n\t\t\t\t\t\t<div class=\"elementor-element elementor-element-38a9268 sc_fly_static elementor-widget elementor-widget-trx_sc_title\" data-id=\"38a9268\" data-element_type=\"widget\" data-widget_type=\"trx_sc_title.default\">\n\t\t\t\t<div class=\"elementor-widget-container\">\n\t\t\t\t\t<div\t\tclass=\"sc_title sc_title_default\" ><span class=\"sc_item_subtitle sc_title_subtitle sc_item_subtitle_above sc_item_title_style_default\">Retreats<\/span><h1 class=\"sc_item_title sc_title_title sc_item_title_style_default sc_item_title_tag\"\n\t\t\t><span class=\"sc_item_title_text\">Nos prochains \u00e9v\u00e9nements<\/span><\/h1><\/div>\t\t\t\t<\/div>\n\t\t\t\t<\/div>\n\t\t\t\t<div class=\"elementor-element elementor-element-8e95801 sc_fly_static elementor-widget elementor-widget-trx_sc_slider_controls\" data-id=\"8e95801\" data-element_type=\"widget\" data-widget_type=\"trx_sc_slider_controls.default\">\n\t\t\t\t<div class=\"elementor-widget-container\">\n\t\t\t\t\t<div class=\"sc_slider_controls sc_slider_controls_default slider_pagination_style_none sc_align_left\" data-slider-id=\"testimonials-4\" data-style=\"default\" data-pagination-style=\"none\"><div class=\"slider_controls_wrap with_prev with_next\"><a class=\"slider_prev\" href=\"#\"><\/a><a class=\"slider_next\" href=\"#\"><\/a><\/div><\/div>\t\t\t\t<\/div>\n\t\t\t\t<\/div>\n\t\t\t\t\t<\/div>\n\t\t<\/div>\n\t\t\t\t<div class=\"elementor-column elementor-col-50 elementor-top-column elementor-element elementor-element-867db86 scheme_default sc_inner_width_none sc_content_align_inherit sc_layouts_column_icons_position_left sc_fly_static\" data-id=\"867db86\" data-element_type=\"column\">\n\t\t\t<div class=\"elementor-widget-wrap elementor-element-populated\">\n\t\t\t\t\t\t\t<\/div>\n\t\t<\/div>\n\t\t\t\t\t<\/div>\n\t\t<\/section>\n\t\t\t\t<section class=\"elementor-section elementor-top-section elementor-element elementor-element-55e1a8c elementor-section-content-middle scheme_default elementor-section-stretched elementor-section-boxed elementor-section-height-default elementor-section-height-default sc_fly_static\" data-id=\"55e1a8c\" data-element_type=\"section\" data-settings=\"{&quot;background_background&quot;:&quot;classic&quot;,&quot;stretch_section&quot;:&quot;section-stretched&quot;}\">\n\t\t\t\t\t\t<div class=\"elementor-container elementor-column-gap-extended\">\n\t\t\t\t\t<div class=\"elementor-column elementor-col-100 elementor-top-column elementor-element elementor-element-2485d09 sc_extra_bg_large_left scheme_default sc_inner_width_none sc_content_align_inherit sc_layouts_column_icons_position_left sc_fly_static\" data-id=\"2485d09\" data-element_type=\"column\" data-settings=\"{&quot;background_background&quot;:&quot;classic&quot;}\">\n\t\t\t<div class=\"elementor-widget-wrap elementor-element-populated\">\n\t\t\t\t\t\t<div class=\"elementor-element elementor-element-8e840ff sc_fly_static elementor-widget elementor-widget-trx_sc_title\" data-id=\"8e840ff\" data-element_type=\"widget\" data-widget_type=\"trx_sc_title.default\">\n\t\t\t\t<div class=\"elementor-widget-container\">\n\t\t\t\t\t<div\t\tclass=\"sc_title sc_title_default\" ><span class=\"sc_item_subtitle sc_title_subtitle sc_align_center sc_item_subtitle_above sc_item_title_style_default\">Vos commentaires<\/span><h1 class=\"sc_item_title sc_title_title sc_align_center sc_item_title_style_default sc_item_title_tag\"\n\t\t\t><span class=\"sc_item_title_text\">Mots d'amour<\/span><\/h1><\/div>\t\t\t\t<\/div>\n\t\t\t\t<\/div>\n\t\t\t\t<div class=\"elementor-element elementor-element-c19538d scheme_default sc_fly_static elementor-widget elementor-widget-trx_sc_testimonials\" data-id=\"c19538d\" data-element_type=\"widget\" data-widget_type=\"trx_sc_testimonials.default\">\n\t\t\t\t<div class=\"elementor-widget-container\">\n\t\t\t\t\t<div \t\tclass=\"sc_testimonials scheme_default sc_testimonials_simple\"><div  class=\"sc_testimonials_slider sc_item_slider slider_swiper_outer slider_outer slider_outer_controls slider_outer_controls_bottom slider_outer_nopagination slider_outer_nocentered slider_outer_overflow_hidden slider_outer_multi\">\n\t<div  data-slides-per-view-breakpoints=\"{&quot;999999&quot;:3}\" class=\"slider_container swiper-slider-container slider_swiper slider_noresize slider_controls slider_controls_bottom slider_nopagination slider_nocentered slider_overflow_hidden slider_multi\" data-slides-per-view=\"3\" data-slides-space=\"30\" data-effect=\"slide\" data-slides-min-width=\"290\" data-pagination=\"bullets\" data-direction=\"horizontal\" data-mouse-wheel=\"0\" data-autoplay=\"0\" data-loop=\"0\" data-free-mode=\"0\" data-slides-centered=\"0\" data-slides-overflow=\"0\">\n\t\t<div class=\"slides slider-wrapper swiper-wrapper sc_item_columns_3\"><div class=\"slider-slide swiper-slide\"><div data-post-id=\"20211\" class=\"sc_testimonials_item sc_item_container post_container\">\r\n\t<div class=\"sc_testimonials_item_content\">\n<p style=\"font-size:clamp(14px, 0.875rem + ((1vw - 3.2px) * 0.206), 16px);\"><span class=\"wixui-rich-text__text\"><strong>Inspirant, motivant, bien inform\u00e9.<\/strong><br>Voil\u00e0 les trois mots qui r\u00e9sument Olivia Shanti.<br>Notre coaching transformationnel personnalis\u00e9 en ligne et en face \u00e0 face, avec des s\u00e9ances de yoga et de mentorat, au cours des deux derni\u00e8res ann\u00e9es, m\u2019a toujours laiss\u00e9 un sentiment de courage, de force et d\u2019optimisme. Cela ne peut \u00eatre attribu\u00e9 qu\u2019\u00e0 la chaleur et au d\u00e9vouement d\u2019Olivia, qui veille \u00e0 ce que je fasse l\u2019exp\u00e9rience d\u2019une connexion entre le corps, l\u2019esprit et l\u2019\u00e2me.<br>Merci Olivia !<\/span><\/p>\n\n\n\n<p><\/p>\n<\/div>\r\n\t<div class=\"sc_testimonials_item_author\">\r\n\t\t<div class=\"sc_testimonials_item_author_data\">\r\n\t\t\t\t\t\t<h4 class=\"sc_testimonials_item_author_title\">Anu Ediri<\/h4>\r\n\t\t\t\t\t<\/div>\r\n\t<\/div>\r\n<\/div>\r\n<\/div><div class=\"slider-slide swiper-slide\"><div data-post-id=\"21277\" class=\"sc_testimonials_item sc_item_container post_container\">\r\n\t<div class=\"sc_testimonials_item_content\">\n<p style=\"font-size:clamp(14px, 0.875rem + ((1vw - 3.2px) * 0.206), 16px);\"><strong>Je me sens rajeunie, plus forte, plus concentr\u00e9e et ancr\u00e9e<\/strong>, et je peux d\u00e9j\u00e0 constater des changements dans ma silhouette ! Je vois clairement que la <strong>cellulite sur mes cuisses dispara\u00eet<\/strong>, ce qui \u00e9tait quelque chose de tr\u00e8s important pour moi. Olivia est une excellente coach, calme, patiente et toujours encourageante, je ne saurais trop la recommander \u00e0 tous ceux qui veulent faire passer leur pratique \u00e0 un autre niveau. Elle m\u00e9lange les mouvements et ce n\u2019est jamais ennuyeux, elle est assidue et me pousse au-del\u00e0 de mes limites d\u2019une belle mani\u00e8re douce en combinant cela avec un grand sens de l\u2019humour.<\/p>\n<\/div>\r\n\t<div class=\"sc_testimonials_item_author\">\r\n\t\t<div class=\"sc_testimonials_item_author_data\">\r\n\t\t\t\t\t\t<h4 class=\"sc_testimonials_item_author_title\">Sophia V.<\/h4>\r\n\t\t\t\t\t<\/div>\r\n\t<\/div>\r\n<\/div>\r\n<\/div><div class=\"slider-slide swiper-slide\"><div data-post-id=\"21276\" class=\"sc_testimonials_item sc_item_container post_container\">\r\n\t<div class=\"sc_testimonials_item_content\">\n<p style=\"font-size:clamp(14px, 0.875rem + ((1vw - 3.2px) * 0.206), 16px);\"><strong>Absolument \u00e9poustouflant !!!<\/strong> Olivia m\u2019a totalement transform\u00e9e ! Je suis maintenant une personne compl\u00e8tement diff\u00e9rente de celle qui est arriv\u00e9e \u00e0 la session, me sentant si <strong>forte et inspir\u00e9e pour aller<\/strong> de l\u2019avant et affronter n\u2019importe quel obstacle. C\u2019est une v\u00e9ritable guerri\u00e8re !<\/p>\n<\/div>\r\n\t<div class=\"sc_testimonials_item_author\">\r\n\t\t<div class=\"sc_testimonials_item_author_data\">\r\n\t\t\t\t\t\t<h4 class=\"sc_testimonials_item_author_title\">Aur\u00e9lie H.<\/h4>\r\n\t\t\t\t\t<\/div>\r\n\t<\/div>\r\n<\/div>\r\n<\/div><div class=\"slider-slide swiper-slide\"><div data-post-id=\"21258\" class=\"sc_testimonials_item sc_item_container post_container\">\r\n\t<div class=\"sc_testimonials_item_content\">\n<p style=\"font-size:clamp(14px, 0.875rem + ((1vw - 3.2px) * 0.206), 16px);\">J\u2019ai vraiment appr\u00e9ci\u00e9 le mouvement de la pratique du guerrier. Olivia a beaucoup d\u2019exp\u00e9rience et de connaissances \u00e0 partager, ce qui est tr\u00e8s pr\u00e9cieux. Je <strong>n\u2019ai jamais rien v\u00e9cu de tel auparavant<\/strong>. J\u2019ai beaucoup appris et j\u2019ai beaucoup appr\u00e9ci\u00e9.<\/p>\n<\/div>\r\n\t<div class=\"sc_testimonials_item_author\">\r\n\t\t<div class=\"sc_testimonials_item_author_data\">\r\n\t\t\t\t\t\t<h4 class=\"sc_testimonials_item_author_title\">Belinda P.<\/h4>\r\n\t\t\t\t\t<\/div>\r\n\t<\/div>\r\n<\/div>\r\n<\/div><\/div><\/div><div class=\"slider_controls_wrap\"><a class=\"slider_prev swiper-button-prev\" href=\"#\"><\/a><a class=\"slider_next swiper-button-next\" href=\"#\"><\/a><\/div><\/div><\/div><!-- \/.sc_testimonials -->\t\t\t\t<\/div>\n\t\t\t\t<\/div>\n\t\t\t\t\t<\/div>\n\t\t<\/div>\n\t\t\t\t\t<\/div>\n\t\t<\/section>\n\t\t\t\t<\/div>\n\t\t","protected":false},"excerpt":{"rendered":"<p>INSCRIVEZ-VOUS \u00c0 MA LISTE DE DIFFUSION POUR \u00caTRE INFORM\u00c9 DES RETRAITES \u00c0 VENIR Sign Up Here &#8211; Olivia Shanti &#8211; La vie est l\u00e0 pour que vous en profitiez Retreats&hellip;<\/p>\n","protected":false},"author":3,"featured_media":0,"parent":0,"menu_order":0,"comment_status":"closed","ping_status":"closed","template":"","meta":{"footnotes":""},"_links":{"self":[{"href":"https:\/\/oliviashanti.com\/fr\/wp-json\/wp\/v2\/pages\/22794"}],"collection":[{"href":"https:\/\/oliviashanti.com\/fr\/wp-json\/wp\/v2\/pages"}],"about":[{"href":"https:\/\/oliviashanti.com\/fr\/wp-json\/wp\/v2\/types\/page"}],"author":[{"embeddable":true,"href":"https:\/\/oliviashanti.com\/fr\/wp-json\/wp\/v2\/users\/3"}],"replies":[{"embeddable":true,"href":"https:\/\/oliviashanti.com\/fr\/wp-json\/wp\/v2\/comments?post=22794"}],"version-history":[{"count":10,"href":"https:\/\/oliviashanti.com\/fr\/wp-json\/wp\/v2\/pages\/22794\/revisions"}],"predecessor-version":[{"id":23483,"href":"https:\/\/oliviashanti.com\/fr\/wp-json\/wp\/v2\/pages\/22794\/revisions\/23483"}],"wp:attachment":[{"href":"https:\/\/oliviashanti.com\/fr\/wp-json\/wp\/v2\/media?parent=22794"}],"curies":[{"name":"wp","href":"https:\/\/api.w.org\/{rel}","templated":true}]}}